{"id":71,"date":"2018-12-21T17:57:39","date_gmt":"2018-12-21T17:57:39","guid":{"rendered":"https:\/\/the7.io\/g-creative\/?page_id=19"},"modified":"2024-02-07T15:41:57","modified_gmt":"2024-02-07T14:41:57","slug":"kontakt","status":"publish","type":"page","link":"https:\/\/www.najlepsiadezinfekcia.sk\/index.php\/kontakt\/","title":{"rendered":"KONTAKT"},"content":{"rendered":"<div class=\"wpb-content-wrapper\"><p>[vc_row][vc_column width=&#8220;1\/2&#8243;][vc_custom_heading text=&#8220;KONTAKTN\u00c9 \u00daDAJE&#8220; font_container=&#8220;tag:h3|text_align:left|color:%23000000&#8243; use_theme_fonts=&#8220;yes&#8220;][vc_column_text]<strong>S\u00eddlo spolo\u010dnosti<\/strong><br \/>\nInnova Solutions International s.r.o.<br \/>\nKop\u010dianska 10<br \/>\n851 01 Bratislava-Petr\u017ealka<br \/>\nSlovensk\u00e1 republika<\/p>\n<p><strong>I\u010cO:<\/strong> 36616931<br \/>\n<strong>DI\u010c:<\/strong> 2022215943<br \/>\n<strong>I\u010c DPH:<\/strong> SK2022215943<br \/>\n<strong>tel:<\/strong> 0944 881 565<br \/>\n<strong>e-mail:<\/strong> innovasolutions@najlepsiadezinfekcia.sk[\/vc_column_text][\/vc_column][vc_column width=&#8220;1\/2&#8243;][vc_custom_heading text=&#8220;KONTAKTN\u00dd FORMUL\u00c1R&#8220; font_container=&#8220;tag:h3|text_align:left|color:%23000000&#8243; use_theme_fonts=&#8220;yes&#8220;]\n<div class=\"wpcf7 no-js\" id=\"wpcf7-f601-o1\" lang=\"sk-SK\" dir=\"ltr\" data-wpcf7-id=\"601\">\n<div class=\"screen-reader-response\"><p role=\"status\" aria-live=\"polite\" aria-atomic=\"true\"><\/p> <ul><\/ul><\/div>\n<form action=\"\/index.php\/wp-json\/wp\/v2\/pages\/71#wpcf7-f601-o1\" method=\"post\" class=\"wpcf7-form init\" aria-label=\"Kontaktn\u00fd formul\u00e1r\" novalidate=\"novalidate\" data-status=\"init\">\n<fieldset class=\"hidden-fields-container\"><input type=\"hidden\" name=\"_wpcf7\" value=\"601\" \/><input type=\"hidden\" name=\"_wpcf7_version\" value=\"6.1.5\" \/><input type=\"hidden\" name=\"_wpcf7_locale\" value=\"sk_SK\" \/><input type=\"hidden\" name=\"_wpcf7_unit_tag\" value=\"wpcf7-f601-o1\" \/><input type=\"hidden\" name=\"_wpcf7_container_post\" value=\"0\" \/><input type=\"hidden\" name=\"_wpcf7_posted_data_hash\" value=\"\" \/>\n<\/fieldset>\n<p><label> Va\u0161e meno<br \/>\n<span class=\"wpcf7-form-control-wrap\" data-name=\"your-name\"><input size=\"40\" maxlength=\"400\" class=\"wpcf7-form-control wpcf7-text wpcf7-validates-as-required\" autocomplete=\"name\" aria-required=\"true\" aria-invalid=\"false\" value=\"\" type=\"text\" name=\"your-name\" \/><\/span> <\/label>\n<\/p>\n<p><label> V\u00e1\u0161 email<br \/>\n<span class=\"wpcf7-form-control-wrap\" data-name=\"your-email\"><input size=\"40\" maxlength=\"400\" class=\"wpcf7-form-control wpcf7-email wpcf7-validates-as-required wpcf7-text wpcf7-validates-as-email\" autocomplete=\"email\" aria-required=\"true\" aria-invalid=\"false\" value=\"\" type=\"email\" name=\"your-email\" \/><\/span> <\/label>\n<\/p>\n<p><label> Predmet<br \/>\n<span class=\"wpcf7-form-control-wrap\" data-name=\"your-subject\"><input size=\"40\" maxlength=\"400\" class=\"wpcf7-form-control wpcf7-text wpcf7-validates-as-required\" aria-required=\"true\" aria-invalid=\"false\" value=\"\" type=\"text\" name=\"your-subject\" \/><\/span> <\/label>\n<\/p>\n<p><label> Va\u0161a spr\u00e1va (volite\u013en\u00e9)<br \/>\n<span class=\"wpcf7-form-control-wrap\" data-name=\"your-message\"><textarea cols=\"40\" rows=\"10\" maxlength=\"2000\" class=\"wpcf7-form-control wpcf7-textarea\" aria-invalid=\"false\" name=\"your-message\"><\/textarea><\/span> <\/label>\n<\/p>\n<p><span class=\"wpcf7-form-control-wrap\" data-name=\"acceptance\"><span class=\"wpcf7-form-control wpcf7-acceptance optional\"><span class=\"wpcf7-list-item\"><label><input type=\"checkbox\" name=\"acceptance\" value=\"1\" aria-invalid=\"false\" \/><span class=\"wpcf7-list-item-label\">S\u00fahlas\u00edte so spracovan\u00edm osobn\u00fdch \u00fadajov (povinn\u00e9)<\/span><\/label><\/span><\/span><\/span>\n<\/p>\n<p><input class=\"wpcf7-form-control wpcf7-submit has-spinner\" type=\"submit\" value=\"Odosla\u0165\" \/>\n<\/p><p style=\"display: none !important;\" class=\"akismet-fields-container\" data-prefix=\"_wpcf7_ak_\"><label>&#916;<textarea name=\"_wpcf7_ak_hp_textarea\" cols=\"45\" rows=\"8\" maxlength=\"100\"><\/textarea><\/label><input type=\"hidden\" id=\"ak_js_1\" name=\"_wpcf7_ak_js\" value=\"143\"\/><script>document.getElementById( \"ak_js_1\" ).setAttribute( \"value\", ( new Date() ).getTime() );<\/script><\/p><div class=\"wpcf7-response-output\" aria-hidden=\"true\"><\/div>\n<\/form>\n<\/div>\n[\/vc_column][\/vc_row]<\/p>\n<\/div>","protected":false},"excerpt":{"rendered":"<p>[vc_row][vc_column width=&#8220;1\/2&#8243;][vc_custom_heading text=&#8220;KONTAKTN\u00c9 \u00daDAJE&#8220; font_container=&#8220;tag:h3|text_align:left|color:%23000000&#8243; use_theme_fonts=&#8220;yes&#8220;][vc_column_text]S\u00eddlo spolo\u010dnosti Innova Solutions International s.r.o. Kop\u010dianska 10 851 01 Bratislava-Petr\u017ealka Slovensk\u00e1 republika I\u010cO: 36616931 DI\u010c: 2022215943 I\u010c DPH: SK2022215943 tel: 0944 881 565 e-mail: innovasolutions@najlepsiadezinfekcia.sk[\/vc_column_text][\/vc_column][vc_column width=&#8220;1\/2&#8243;][vc_custom_heading text=&#8220;KONTAKTN\u00dd FORMUL\u00c1R&#8220; font_container=&#8220;tag:h3|text_align:left|color:%23000000&#8243; use_theme_fonts=&#8220;yes&#8220;][\/vc_column][\/vc_row]<\/p>\n","protected":false},"author":1,"featured_media":0,"parent":0,"menu_order":90,"comment_status":"closed","ping_status":"closed","template":"","meta":{"footnotes":""},"class_list":["post-71","page","type-page","status-publish","hentry","description-off"],"_links":{"self":[{"href":"https:\/\/www.najlepsiadezinfekcia.sk\/index.php\/wp-json\/wp\/v2\/pages\/71","targetHints":{"allow":["GET"]}}],"collection":[{"href":"https:\/\/www.najlepsiadezinfekcia.sk\/index.php\/wp-json\/wp\/v2\/pages"}],"about":[{"href":"https:\/\/www.najlepsiadezinfekcia.sk\/index.php\/wp-json\/wp\/v2\/types\/page"}],"author":[{"embeddable":true,"href":"https:\/\/www.najlepsiadezinfekcia.sk\/index.php\/wp-json\/wp\/v2\/users\/1"}],"replies":[{"embeddable":true,"href":"https:\/\/www.najlepsiadezinfekcia.sk\/index.php\/wp-json\/wp\/v2\/comments?post=71"}],"version-history":[{"count":6,"href":"https:\/\/www.najlepsiadezinfekcia.sk\/index.php\/wp-json\/wp\/v2\/pages\/71\/revisions"}],"predecessor-version":[{"id":603,"href":"https:\/\/www.najlepsiadezinfekcia.sk\/index.php\/wp-json\/wp\/v2\/pages\/71\/revisions\/603"}],"wp:attachment":[{"href":"https:\/\/www.najlepsiadezinfekcia.sk\/index.php\/wp-json\/wp\/v2\/media?parent=71"}],"curies":[{"name":"wp","href":"https:\/\/api.w.org\/{rel}","templated":true}]}}