{"id":69,"date":"2018-12-21T17:54:40","date_gmt":"2018-12-21T17:54:40","guid":{"rendered":"https:\/\/the7.io\/g-creative\/?page_id=4"},"modified":"2024-02-15T08:16:15","modified_gmt":"2024-02-15T07:16:15","slug":"home","status":"publish","type":"page","link":"https:\/\/www.najlepsiadezinfekcia.sk\/","title":{"rendered":"HOME"},"content":{"rendered":"<div class=\"wpb-content-wrapper\"><p>[vc_row][vc_column width=&#8220;1\/2&#8243;][vc_single_image image=&#8220;415&#8243; img_size=&#8220;full&#8220; alignment=&#8220;center&#8220;][\/vc_column][vc_column width=&#8220;1\/2&#8243;][vc_custom_heading text=&#8220;O N\u00c1S&#8220; font_container=&#8220;tag:h3|text_align:center|color:%2306acff&#8220; use_theme_fonts=&#8220;yes&#8220;][vc_column_text]<\/p>\n<p style=\"text-align: center;\">V\u00fdskum, v\u00fdvoj, v\u00fdroba a distrib\u00facia inova\u010dn\u00fdch ochrann\u00fdch a o\u0161etruj\u00facich pr\u00edpravkov je dlhoro\u010dn\u00fdm a prvorad\u00fdm z\u00e1ujmom spolo\u010dnosti <strong>Innova Solutions<\/strong>. Spolo\u010dnos\u0165 je moment\u00e1lne jedin\u00fdm svetov\u00fdm v\u00fdrobcom bezalkoholov\u00fdch pr\u00edpravkov na dezinfekciu r\u00fak, povrchov a priestorov, ktor\u00e9 sp\u013a\u0148aj\u00fa najvy\u0161\u0161ie po\u017eiadavky. Na\u0161a patentovan\u00e1 dezinfek\u010dn\u00e1 technol\u00f3gia sa vyu\u017e\u00edva v r\u00f4znych oblastiach ako napr\u00edklad <strong>zdravotn\u00edctvo, hygiena, laborat\u00f3rna technika,<\/strong> <strong>potravin\u00e1rsky priemysel, stravovacie a ubytovacie prev\u00e1dzky, \u0161kolstvo, \u0161port<\/strong>. <strong><span style=\"color: #06acff;\">Fog-It Plus<\/span>\u00a0 (oxid<\/strong> <strong>chlori\u010dit\u00fd ) <span style=\"color: #0aff0a;\">viraProtect<\/span><\/strong> dezinfekcia na ruky, alebo povrch s\u00fa v\u00fdrobky s vysokou bezpe\u010dnos\u0165ou nielen pre \u013eud\u00ed, ale aj pre \u017eivotn\u00e9 prostredie. Poskytuj\u00fa maxim\u00e1lnu ochranu \u010do potvrdzuje aj In\u0161tit\u00fat R\u00f3berta Kocha hlavn\u00fd Nemeck\u00fd spolkov\u00fd \u00fastav pre kontrolu a prevenciu nemoc\u00ed. \u010eal\u0161\u00edm pr\u00edkladom inov\u00e1cie a najvy\u0161\u0161ej kvality je glob\u00e1lne naj\u010distej\u0161\u00ed patentovo chr\u00e1nen\u00fd <strong>oxid chlori\u010dit\u00fd\u00a0 Fog-It PLUS, ktor\u00fd ako jedin\u00fd dezinfek\u010dn\u00fd prostriedok sp\u013a\u0148a najpr\u00edsnej\u0161iu normu na dezinfekciu priestorov <\/strong><strong>(EN 17272) <\/strong><strong>s kr\u00e1tkym \u010dasom p\u00f4sobenia (menej ako 30 min\u00fat ) <\/strong><\/p>\n<p style=\"color: red;\">Ver\u00edme, \u017ee ka\u017ed\u00fd z\u00e1kazn\u00edk a pou\u017e\u00edvate\u013e m\u00e1 pr\u00e1vo by\u0165 informovan\u00fd a pou\u017e\u00edva\u0165 dezinfek\u010dn\u00e9 a ochrann\u00e9 l\u00e1tky s maxim\u00e1lnou ochranou, ktor\u00e9 s\u00fa bezpe\u010dn\u00e9 k jeho zdraviu a \u017eivotn\u00e9mu prostrediu.<\/p>\n<p>[\/vc_column_text][\/vc_column][\/vc_row][vc_row][vc_column width=&#8220;2\/3&#8243;][vc_custom_heading text=&#8220;viraprotect plus&#8220; font_container=&#8220;tag:h3|text_align:center|color:%2306acff&#8220; use_theme_fonts=&#8220;yes&#8220;][vc_custom_heading text=&#8220;( dezinfekcia na ruky bez ALKOHOLU s penov\u00fdm d\u00e1vkova\u010dom )&#8220; font_container=&#8220;tag:h4|text_align:center|color:%230aff0a&#8220; use_theme_fonts=&#8220;yes&#8220;][vc_custom_heading text=&#8220;100 ml.&#8220; font_container=&#8220;tag:h4|text_align:center|color:%2306acff&#8220; use_theme_fonts=&#8220;yes&#8220;][vc_column_text]- extra jemn\u00fd k poko\u017eke, vhodn\u00fd pre deti a na citliv\u00fa poko\u017eku.<br \/>\n&#8211; neobsahuje alkohol, aldehyd, farbivo, parf\u00e9m<br \/>\n&#8211; akt\u00edvne zlo\u017eky DDAC a BAC 1,0 %<br \/>\n&#8211; \u0161irok\u00e9 spektrum \u00fa\u010dinku proti v\u00edrusom, vr\u00e1tane SARS -COV -2 ( Covid &#8211; 19 ), bakt\u00e9ri\u00e1m, hub\u00e1m, plesni, kvasink\u00e1m- vysok\u00fd okam\u017eit\u00fd \u00fa\u010dinok a spo\u013eahliv\u00fd dlhodob\u00ed \u00fa\u010dinok ( cca 6 hod\u00edn )<br \/>\n&#8211; kompatibiln\u00fd so v\u0161etk\u00fdmi hygienick\u00fdmi prostriedkami<br \/>\n&#8211; ide\u00e1lny aj na \u0161pinav\u00e9 ruky<br \/>\n&#8211; nehor\u013eav\u00fd<br \/>\n[\/vc_column_text][\/vc_column][vc_column width=&#8220;1\/3&#8243;][vc_single_image image=&#8220;524&#8243; img_size=&#8220;full&#8220; onclick=&#8220;link_image&#8220;][\/vc_column][\/vc_row][vc_row][vc_column width=&#8220;2\/3&#8243;][vc_custom_heading text=&#8220;dpi prima derm&#8220; font_container=&#8220;tag:h3|text_align:center|color:%2306acff&#8220; use_theme_fonts=&#8220;yes&#8220;][vc_custom_heading text=&#8220;Ochrann\u00fd kr\u00e9m na ruky &#8211; \u0161peci\u00e1l&#8220; font_container=&#8220;tag:h4|text_align:center|color:%230aff0a&#8220; use_theme_fonts=&#8220;yes&#8220;][vc_custom_heading text=&#8220;( bez parf\u00famov, bez silik\u00f3nu &#8211; vodeodoln\u00fd )&#8220; font_container=&#8220;tag:h4|text_align:center|color:%2306acff&#8220; use_theme_fonts=&#8220;yes&#8220;][vc_column_text]- \u00fa\u010dinn\u00fd po\u010das 4 hod\u00edn<strong> ( kr\u00e9m vytvor\u00ed na poko\u017eke ochrann\u00fa nepriepustn\u00fa vrstvu ) <\/strong><\/p>\n<p>&#8211; vhodn\u00fd pre v\u0161etky typy poko\u017eky<\/p>\n<p>&#8211; priepustn\u00fd smerom von z poko\u017eky a nepriepustn\u00fd smerom dnu.<\/p>\n<p>&#8211; odoln\u00fd vo\u010di vode, sapon\u00e1tom, chemick\u00fdm l\u00e1tkam, dezinfekci\u00e1m s alkoholom, olejom, kyseline chlorovod\u00edkovej.<\/p>\n<p>&#8211; zabra\u0148uje tvorbe ples\u0148ov\u00fdch infekci\u00ed<\/p>\n<p>&#8211; alergi\u00e1m<\/p>\n<p>&#8211; z\u00e1palom<\/p>\n<p>&#8211; vysu\u0161ovaniu poko\u017eky<\/p>\n<p>&#8211; hrubnutiu a tvrdnutiu ko\u017ee<\/p>\n<p>&#8211; oderu ko\u017ee<\/p>\n<p>&#8211; praskaniu ko\u017ee<\/p>\n<p>&#8211; ur\u00fdch\u013euje regener\u00e1ciu a hojenie ko\u017ee ( ur\u00fdchli nieko\u013eko n\u00e1sobne hojenie ko\u017ee )<\/p>\n<p>&#8211; zabra\u0148uje ne\u010distot\u00e1m vnikn\u00fa\u0165 do poko\u017eky a ur\u00fdch\u013euje ich odstr\u00e1nenie s povrchu ko\u017ee<\/p>\n<p><strong>Kr\u00e9m je vhodn\u00fd ako ochrana aj pre dlhodobo pretrv\u00e1vaj\u00face ochorenia ko\u017ee a alergie, posil\u0148uje odolnos\u0165 ko\u017ee vo\u010di vonkaj\u0161\u00edm vplyvom. <\/strong>[\/vc_column_text][\/vc_column][vc_column width=&#8220;1\/3&#8243;][vc_single_image image=&#8220;554&#8243; img_size=&#8220;full&#8220; onclick=&#8220;link_image&#8220;][\/vc_column][\/vc_row][vc_row][vc_column width=&#8220;1\/4&#8243;][vc_custom_heading text=&#8220;Odborn\u00fd posudok&#8220; font_container=&#8220;tag:h4|text_align:center|color:%230fafff&#8220; use_theme_fonts=&#8220;yes&#8220;][vc_icon icon_fontawesome=&#8220;fas fa-info-circle&#8220; color=&#8220;black&#8220; align=&#8220;center&#8220; link=&#8220;target:_blank&#8220;][vc_custom_heading text=&#8220;Stiahni&#8220; font_container=&#8220;tag:h5|text_align:center|color:%230fafff&#8220; use_theme_fonts=&#8220;yes&#8220; link=&#8220;url:http%3A%2F%2Fwww.najlepsiadezinfekcia.sk%2Fwp-content%2Fuploads%2F2024%2F01%2FOdbornyposudok-Fog-IT-Plus-MNV-EN-14476-Expert-Opinion-459_2021_SK.pdf|target:_blank&#8220;][\/vc_column][vc_column width=&#8220;1\/4&#8243;][vc_custom_heading text=&#8220;Odborn\u00fd posudok&#8220; font_container=&#8220;tag:h4|text_align:center|color:%230fafff&#8220; use_theme_fonts=&#8220;yes&#8220;][vc_icon icon_fontawesome=&#8220;fas fa-info-circle&#8220; color=&#8220;black&#8220; align=&#8220;center&#8220; link=&#8220;target:_blank&#8220;][vc_custom_heading text=&#8220;Stiahni&#8220; font_container=&#8220;tag:h5|text_align:center|color:%230fafff&#8220; use_theme_fonts=&#8220;yes&#8220; link=&#8220;url:http%3A%2F%2Fwww.najlepsiadezinfekcia.sk%2Fwp-content%2Fuploads%2F2024%2F01%2FOdborny-posudok-Fog-IT-Plus-Polio-EN-14476-Expert-Opinion_460_2021_SK.pdf|target:_blank&#8220;][\/vc_column][vc_column width=&#8220;1\/4&#8243;][vc_custom_heading text=&#8220;Bezpe\u010dnostn\u00e1 karta&#8220; font_container=&#8220;tag:h4|text_align:center|color:%230fafff&#8220; use_theme_fonts=&#8220;yes&#8220;][vc_icon icon_fontawesome=&#8220;fas fa-info-circle&#8220; color=&#8220;black&#8220; align=&#8220;center&#8220; link=&#8220;target:_blank&#8220;][vc_custom_heading text=&#8220;Stiahni&#8220; font_container=&#8220;tag:h5|text_align:center|color:%230fafff&#8220; use_theme_fonts=&#8220;yes&#8220; link=&#8220;url:http%3A%2F%2Fwww.najlepsiadezinfekcia.sk%2Fwp-content%2Fuploads%2F2024%2F01%2FBezpecnostna-karta-Fog-It-Plus_SK.pdf|target:_blank&#8220;][\/vc_column][vc_column width=&#8220;1\/4&#8243;][vc_custom_heading text=&#8220;Certifik\u00e1t EN 17272&#8243; font_container=&#8220;tag:h4|text_align:center|color:%230fafff&#8220; use_theme_fonts=&#8220;yes&#8220;][vc_icon icon_fontawesome=&#8220;fas fa-info-circle&#8220; color=&#8220;black&#8220; align=&#8220;center&#8220; link=&#8220;target:_blank&#8220;][vc_custom_heading text=&#8220;Stiahni&#8220; font_container=&#8220;tag:h5|text_align:center|color:%230fafff&#8220; use_theme_fonts=&#8220;yes&#8220; link=&#8220;url:http%3A%2F%2Fwww.najlepsiadezinfekcia.sk%2Fwp-content%2Fuploads%2F2024%2F01%2FCertifikat-EN-17272.pdf|target:_blank&#8220;][\/vc_column][\/vc_row][vc_row][vc_column width=&#8220;1\/4&#8243;][vc_custom_heading text=&#8220;Dezinfekcia fog&#8220; font_container=&#8220;tag:h4|text_align:center|color:%230fafff&#8220; use_theme_fonts=&#8220;yes&#8220;][vc_icon icon_fontawesome=&#8220;fas fa-info-circle&#8220; color=&#8220;black&#8220; align=&#8220;center&#8220; link=&#8220;target:_blank&#8220;][vc_custom_heading text=&#8220;Stiahni&#8220; font_container=&#8220;tag:h5|text_align:center|color:%230fafff&#8220; use_theme_fonts=&#8220;yes&#8220; link=&#8220;url:http%3A%2F%2Fwww.najlepsiadezinfekcia.sk%2Fwp-content%2Fuploads%2F2024%2F01%2FOdbornyposudok-Fog-IT-Plus-MNV-EN-14476-Expert-Opinion-459_2021_SK.pdf|target:_blank&#8220;][\/vc_column][vc_column width=&#8220;1\/4&#8243;][vc_custom_heading text=&#8220;Dezinfekcia na ruky&#8220; font_container=&#8220;tag:h4|text_align:center|color:%230fafff&#8220; use_theme_fonts=&#8220;yes&#8220;][vc_icon icon_fontawesome=&#8220;fas fa-info-circle&#8220; color=&#8220;black&#8220; align=&#8220;center&#8220; link=&#8220;target:_blank&#8220;][vc_custom_heading text=&#8220;Stiahni&#8220; font_container=&#8220;tag:h5|text_align:center|color:%230fafff&#8220; use_theme_fonts=&#8220;yes&#8220; link=&#8220;url:http%3A%2F%2Fwww.najlepsiadezinfekcia.sk%2Fwp-content%2Fuploads%2F2024%2F01%2FOdborny-posudok-Fog-IT-Plus-Polio-EN-14476-Expert-Opinion_460_2021_SK.pdf|target:_blank&#8220;][\/vc_column][vc_column width=&#8220;1\/4&#8243;][vc_custom_heading text=&#8220;Dezinfekcia na plochy&#8220; font_container=&#8220;tag:h4|text_align:center|color:%230fafff&#8220; use_theme_fonts=&#8220;yes&#8220;][vc_icon icon_fontawesome=&#8220;fas fa-info-circle&#8220; color=&#8220;black&#8220; align=&#8220;center&#8220; link=&#8220;target:_blank&#8220;][vc_custom_heading text=&#8220;Stiahni&#8220; font_container=&#8220;tag:h5|text_align:center|color:%230fafff&#8220; use_theme_fonts=&#8220;yes&#8220; link=&#8220;url:http%3A%2F%2Fwww.najlepsiadezinfekcia.sk%2Fwp-content%2Fuploads%2F2024%2F01%2FBezpecnostna-karta-Fog-It-Plus_SK.pdf|target:_blank&#8220;][\/vc_column][vc_column width=&#8220;1\/4&#8243;][vc_custom_heading text=&#8220;Dezinfekcia Fog It Plus&#8220; font_container=&#8220;tag:h4|text_align:center|color:%230fafff&#8220; use_theme_fonts=&#8220;yes&#8220;][vc_icon icon_fontawesome=&#8220;fas fa-info-circle&#8220; color=&#8220;black&#8220; align=&#8220;center&#8220; link=&#8220;target:_blank&#8220;][vc_custom_heading text=&#8220;Stiahni&#8220; font_container=&#8220;tag:h5|text_align:center|color:%230fafff&#8220; use_theme_fonts=&#8220;yes&#8220; link=&#8220;url:http%3A%2F%2Fwww.najlepsiadezinfekcia.sk%2Fwp-content%2Fuploads%2F2024%2F01%2FVAH-Dezinfekcia-Fog-It-Plus.pdf|target:_blank&#8220;][\/vc_column][\/vc_row][vc_row][vc_column width=&#8220;1\/4&#8243;][vc_custom_heading text=&#8220;Dezinfekcia na ruky&#8220; font_container=&#8220;tag:h4|text_align:center|color:%230fafff&#8220; use_theme_fonts=&#8220;yes&#8220;][vc_icon icon_fontawesome=&#8220;fas fa-info-circle&#8220; color=&#8220;black&#8220; align=&#8220;center&#8220; link=&#8220;target:_blank&#8220;][vc_custom_heading text=&#8220;Stiahni&#8220; font_container=&#8220;tag:h5|text_align:center|color:%230fafff&#8220; use_theme_fonts=&#8220;yes&#8220; link=&#8220;url:http%3A%2F%2Fwww.najlepsiadezinfekcia.sk%2Fwp-content%2Fuploads%2F2024%2F01%2FVAH-Dezinfekcia-na-ruky.pdf|target:_blank&#8220;][\/vc_column][vc_column width=&#8220;1\/4&#8243;][vc_custom_heading text=&#8220;Dezinfekcia na plochy mechanick\u00e1&#8220; font_container=&#8220;tag:h4|text_align:center|color:%230fafff&#8220; use_theme_fonts=&#8220;yes&#8220; link=&#8220;url:http%3A%2F%2Fweb.home.sk%2Fwp-content%2Fuploads%2F2024%2F01%2FVAH-Dezinfekcia-plochy-mechanicka.pdf|target:_blank&#8220;][vc_icon icon_fontawesome=&#8220;fas fa-info-circle&#8220; color=&#8220;black&#8220; align=&#8220;center&#8220; link=&#8220;target:_blank&#8220;][vc_custom_heading text=&#8220;Stiahni&#8220; font_container=&#8220;tag:h5|text_align:center|color:%230fafff&#8220; use_theme_fonts=&#8220;yes&#8220; link=&#8220;url:http%3A%2F%2Fwww.najlepsiadezinfekcia.sk%2Fwp-content%2Fuploads%2F2024%2F01%2FOdborny-posudok-Fog-IT-Plus-Polio-EN-14476-Expert-Opinion_460_2021_SK.pdf|target:_blank&#8220;][\/vc_column][vc_column width=&#8220;1\/4&#8243;][\/vc_column][vc_column width=&#8220;1\/4&#8243;][\/vc_column][\/vc_row]<\/p>\n<\/div>","protected":false},"excerpt":{"rendered":"<p>[vc_row][vc_column width=&#8220;1\/2&#8243;][vc_single_image image=&#8220;415&#8243; img_size=&#8220;full&#8220; alignment=&#8220;center&#8220;][\/vc_column][vc_column width=&#8220;1\/2&#8243;][vc_custom_heading text=&#8220;O N\u00c1S&#8220; font_container=&#8220;tag:h3|text_align:center|color:%2306acff&#8220; use_theme_fonts=&#8220;yes&#8220;][vc_column_text] V\u00fdskum, v\u00fdvoj, v\u00fdroba a distrib\u00facia inova\u010dn\u00fdch ochrann\u00fdch a o\u0161etruj\u00facich pr\u00edpravkov je dlhoro\u010dn\u00fdm a prvorad\u00fdm z\u00e1ujmom spolo\u010dnosti Innova Solutions. Spolo\u010dnos\u0165 je moment\u00e1lne jedin\u00fdm svetov\u00fdm v\u00fdrobcom bezalkoholov\u00fdch pr\u00edpravkov na dezinfekciu r\u00fak, povrchov a priestorov, ktor\u00e9 sp\u013a\u0148aj\u00fa najvy\u0161\u0161ie po\u017eiadavky. Na\u0161a patentovan\u00e1 dezinfek\u010dn\u00e1 technol\u00f3gia sa vyu\u017e\u00edva v r\u00f4znych oblastiach&hellip;<\/p>\n","protected":false},"author":1,"featured_media":0,"parent":0,"menu_order":10,"comment_status":"closed","ping_status":"closed","template":"","meta":{"footnotes":""},"class_list":["post-69","page","type-page","status-publish","hentry","description-off"],"_links":{"self":[{"href":"https:\/\/www.najlepsiadezinfekcia.sk\/index.php\/wp-json\/wp\/v2\/pages\/69","targetHints":{"allow":["GET"]}}],"collection":[{"href":"https:\/\/www.najlepsiadezinfekcia.sk\/index.php\/wp-json\/wp\/v2\/pages"}],"about":[{"href":"https:\/\/www.najlepsiadezinfekcia.sk\/index.php\/wp-json\/wp\/v2\/types\/page"}],"author":[{"embeddable":true,"href":"https:\/\/www.najlepsiadezinfekcia.sk\/index.php\/wp-json\/wp\/v2\/users\/1"}],"replies":[{"embeddable":true,"href":"https:\/\/www.najlepsiadezinfekcia.sk\/index.php\/wp-json\/wp\/v2\/comments?post=69"}],"version-history":[{"count":28,"href":"https:\/\/www.najlepsiadezinfekcia.sk\/index.php\/wp-json\/wp\/v2\/pages\/69\/revisions"}],"predecessor-version":[{"id":639,"href":"https:\/\/www.najlepsiadezinfekcia.sk\/index.php\/wp-json\/wp\/v2\/pages\/69\/revisions\/639"}],"wp:attachment":[{"href":"https:\/\/www.najlepsiadezinfekcia.sk\/index.php\/wp-json\/wp\/v2\/media?parent=69"}],"curies":[{"name":"wp","href":"https:\/\/api.w.org\/{rel}","templated":true}]}}