{"id":6,"date":"2018-12-21T17:54:57","date_gmt":"2018-12-21T17:54:57","guid":{"rendered":"https:\/\/the7.io\/g-creative\/?page_id=6"},"modified":"2024-02-10T19:55:17","modified_gmt":"2024-02-10T18:55:17","slug":"o-nas","status":"publish","type":"page","link":"https:\/\/www.najlepsiadezinfekcia.sk\/index.php\/o-nas\/","title":{"rendered":"O N\u00c1S"},"content":{"rendered":"<div class=\"wpb-content-wrapper\"><p>[vc_row][vc_column][vc_column_text]V\u00fdskum, v\u00fdvoj, v\u00fdroba a distrib\u00facia inova\u010dn\u00fdch ochrann\u00fdch a o\u0161etruj\u00facich pr\u00edpravkov je dlhoro\u010dn\u00fdm a prvorad\u00fdm z\u00e1ujmom spolo\u010dnosti <strong>Innova Solutions<\/strong>. Spolo\u010dnos\u0165 je moment\u00e1lne jedin\u00fdm svetov\u00fdm v\u00fdrobcom bezalkoholov\u00fdch pr\u00edpravkov na dezinfekciu r\u00fak, povrchov a priestorov, ktor\u00e9 sp\u013a\u0148aj\u00fa najvy\u0161\u0161ie po\u017eiadavky. Na\u0161a patentovan\u00e1 dezinfek\u010dn\u00e1 technol\u00f3gia sa vyu\u017e\u00edva v r\u00f4znych oblastiach ako napr\u00edklad <strong>zdravotn\u00edctvo, hygiena, laborat\u00f3rna technika,<\/strong> <strong>potravin\u00e1rsky priemysel, stravovacie a ubytovacie prev\u00e1dzky, \u0161kolstvo, \u0161port<\/strong>. <strong><span style=\"color: #06acff;\">Fog-It Plus<\/span>\u00a0 (oxid<\/strong> <strong>chlori\u010dit\u00fd ) <span style=\"color: #0aff0a;\">viraProtect<\/span><\/strong> dezinfekcia na ruky, alebo povrch s\u00fa v\u00fdrobky s vysokou bezpe\u010dnos\u0165ou nielen pre \u013eud\u00ed, ale aj pre \u017eivotn\u00e9 prostredie. Poskytuj\u00fa maxim\u00e1lnu ochranu \u010do potvrdzuje aj In\u0161tit\u00fat R\u00f3berta Kocha hlavn\u00fd Nemeck\u00fd spolkov\u00fd \u00fastav pre kontrolu a prevenciu nemoc\u00ed. \u010eal\u0161\u00edm pr\u00edkladom inov\u00e1cie a najvy\u0161\u0161ej kvality je glob\u00e1lne naj\u010distej\u0161\u00ed patentovo chr\u00e1nen\u00fd <strong>oxid chlori\u010dit\u00fd\u00a0 Fog-It PLUS, ktor\u00fd ako jedin\u00fd dezinfek\u010dn\u00fd prostriedok sp\u013a\u0148a najpr\u00edsnej\u0161iu normu na dezinfekciu priestorov <\/strong><strong>(EN 17272) <\/strong><strong>s kr\u00e1tkym \u010dasom p\u00f4sobenia (menej ako 30 min\u00fat ) <\/strong><\/p>\n<p style=\"color: red;\">Ver\u00edme, \u017ee ka\u017ed\u00fd z\u00e1kazn\u00edk a pou\u017e\u00edvate\u013e m\u00e1 pr\u00e1vo by\u0165 informovan\u00fd a pou\u017e\u00edva\u0165 dezinfek\u010dn\u00e9 a ochrann\u00e9 l\u00e1tky s maxim\u00e1lnou ochranou, ktor\u00e9 s\u00fa bezpe\u010dn\u00e9 k jeho zdraviu a \u017eivotn\u00e9mu prostrediu.<\/p>\n<p>[\/vc_column_text][\/vc_column][\/vc_row]<\/p>\n<\/div>","protected":false},"excerpt":{"rendered":"<p>[vc_row][vc_column][vc_column_text]V\u00fdskum, v\u00fdvoj, v\u00fdroba a distrib\u00facia inova\u010dn\u00fdch ochrann\u00fdch a o\u0161etruj\u00facich pr\u00edpravkov je dlhoro\u010dn\u00fdm a prvorad\u00fdm z\u00e1ujmom spolo\u010dnosti Innova Solutions. Spolo\u010dnos\u0165 je moment\u00e1lne jedin\u00fdm svetov\u00fdm v\u00fdrobcom bezalkoholov\u00fdch pr\u00edpravkov na dezinfekciu r\u00fak, povrchov a priestorov, ktor\u00e9 sp\u013a\u0148aj\u00fa najvy\u0161\u0161ie po\u017eiadavky. Na\u0161a patentovan\u00e1 dezinfek\u010dn\u00e1 technol\u00f3gia sa vyu\u017e\u00edva v r\u00f4znych oblastiach ako napr\u00edklad zdravotn\u00edctvo, hygiena, laborat\u00f3rna technika, potravin\u00e1rsky priemysel, stravovacie a&hellip;<\/p>\n","protected":false},"author":1,"featured_media":0,"parent":0,"menu_order":20,"comment_status":"closed","ping_status":"closed","template":"","meta":{"footnotes":""},"class_list":["post-6","page","type-page","status-publish","hentry","description-off"],"_links":{"self":[{"href":"https:\/\/www.najlepsiadezinfekcia.sk\/index.php\/wp-json\/wp\/v2\/pages\/6","targetHints":{"allow":["GET"]}}],"collection":[{"href":"https:\/\/www.najlepsiadezinfekcia.sk\/index.php\/wp-json\/wp\/v2\/pages"}],"about":[{"href":"https:\/\/www.najlepsiadezinfekcia.sk\/index.php\/wp-json\/wp\/v2\/types\/page"}],"author":[{"embeddable":true,"href":"https:\/\/www.najlepsiadezinfekcia.sk\/index.php\/wp-json\/wp\/v2\/users\/1"}],"replies":[{"embeddable":true,"href":"https:\/\/www.najlepsiadezinfekcia.sk\/index.php\/wp-json\/wp\/v2\/comments?post=6"}],"version-history":[{"count":6,"href":"https:\/\/www.najlepsiadezinfekcia.sk\/index.php\/wp-json\/wp\/v2\/pages\/6\/revisions"}],"predecessor-version":[{"id":623,"href":"https:\/\/www.najlepsiadezinfekcia.sk\/index.php\/wp-json\/wp\/v2\/pages\/6\/revisions\/623"}],"wp:attachment":[{"href":"https:\/\/www.najlepsiadezinfekcia.sk\/index.php\/wp-json\/wp\/v2\/media?parent=6"}],"curies":[{"name":"wp","href":"https:\/\/api.w.org\/{rel}","templated":true}]}}