{"id":508,"date":"2024-01-26T12:07:50","date_gmt":"2024-01-26T11:07:50","guid":{"rendered":"http:\/\/www.najlepsiadezinfekcia.sk\/?page_id=508"},"modified":"2024-02-09T13:26:03","modified_gmt":"2024-02-09T12:26:03","slug":"dezinfekcia-na-ruky","status":"publish","type":"page","link":"https:\/\/www.najlepsiadezinfekcia.sk\/index.php\/dezinfekcia-na-ruky\/","title":{"rendered":"DEZINFEKCIA NA RUKY"},"content":{"rendered":"<div class=\"wpb-content-wrapper\"><p>[vc_row][vc_column width=&#8220;1\/3&#8243;][vc_single_image image=&#8220;524&#8243; img_size=&#8220;full&#8220; onclick=&#8220;link_image&#8220;][\/vc_column][vc_column width=&#8220;2\/3&#8243;][vc_custom_heading text=&#8220;viraprotect plus&#8220; font_container=&#8220;tag:h3|text_align:left|color:%2306acff&#8220; use_theme_fonts=&#8220;yes&#8220;][vc_custom_heading text=&#8220;( dezinfekcia na ruky bez ALKOHOLU s penov\u00fdm d\u00e1vkova\u010dom )&#8220; font_container=&#8220;tag:h4|text_align:left|color:%230aff0a&#8220; use_theme_fonts=&#8220;yes&#8220;][vc_custom_heading text=&#8220;100 ml.&#8220; font_container=&#8220;tag:h4|text_align:left|color:%2306acff&#8220; use_theme_fonts=&#8220;yes&#8220;][vc_column_text]<strong>&#8211; bezalkoholov\u00e1 dezinfekcia s medic\u00ednskou akos\u0165ou pod\u013ea Nemeck\u00e9ho Hlavn\u00e9ho in\u0161tit\u00fatu R\u00f3berta Kocha so s\u00eddlom v Berl\u00edne.<\/strong><br \/>\n&#8211; extra jemn\u00fd k poko\u017eke, vhodn\u00fd pre deti a na citliv\u00fa poko\u017eku.<br \/>\n&#8211; neobsahuje alkohol, aldehyd, farbivo, parf\u00e9m<br \/>\n&#8211; akt\u00edvne zlo\u017eky DDAC a BAC 1,0 %<br \/>\n&#8211; \u0161irok\u00e9 spektrum \u00fa\u010dinku proti v\u00edrusom, vr\u00e1tane SARS -COV -2 ( Covid &#8211; 19 ), bakt\u00e9ri\u00e1m, hub\u00e1m, plesni, kvasink\u00e1m- vysok\u00fd okam\u017eit\u00fd \u00fa\u010dinok a spo\u013eahliv\u00fd dlhodob\u00ed \u00fa\u010dinok ( cca 6 hod\u00edn )<br \/>\n&#8211; kompatibiln\u00fd so v\u0161etk\u00fdmi hygienick\u00fdmi prostriedkami<br \/>\n&#8211; ide\u00e1lny aj na \u0161pinav\u00e9 ruky<br \/>\n&#8211; nehor\u013eav\u00fd[\/vc_column_text][\/vc_column][\/vc_row][vc_row][vc_column width=&#8220;1\/3&#8243;][vc_single_image image=&#8220;521&#8243; img_size=&#8220;full&#8220; onclick=&#8220;link_image&#8220;][\/vc_column][vc_column width=&#8220;2\/3&#8243;][vc_custom_heading text=&#8220;viraprotect plus&#8220; font_container=&#8220;tag:h3|text_align:left|color:%2306acff&#8220; use_theme_fonts=&#8220;yes&#8220;][vc_custom_heading text=&#8220;( dezinfekcia na ruky bez ALKOHOLU )&#8220; font_container=&#8220;tag:h4|text_align:left|color:%230aff0a&#8220; use_theme_fonts=&#8220;yes&#8220;][vc_custom_heading text=&#8220;500 ml.&#8220; font_container=&#8220;tag:h5|text_align:left|color:%2306acff&#8220; use_theme_fonts=&#8220;yes&#8220;][vc_column_text]- extra jemn\u00fd k poko\u017eke, vhodn\u00fd pre deti a na citliv\u00fa poko\u017eku.<br \/>\n&#8211; neobsahuje alkohol, aldehyd, farbivo, parf\u00e9m<br \/>\n&#8211; akt\u00edvne zlo\u017eky DDAC a BAC 1,0 %<br \/>\n&#8211; \u0161irok\u00e9 spektrum \u00fa\u010dinku proti v\u00edrusom, vr\u00e1tane SARS -COV -2 ( Covid &#8211; 19 ), bakt\u00e9ri\u00e1m, hub\u00e1m, plesni, kvasink\u00e1m- vysok\u00fd okam\u017eit\u00fd \u00fa\u010dinok a spo\u013eahliv\u00fd dlhodob\u00ed \u00fa\u010dinok ( cca 6 hod\u00edn )<br \/>\n&#8211; kompatibiln\u00fd so v\u0161etk\u00fdmi hygienick\u00fdmi prostriedkami<br \/>\n&#8211; ide\u00e1lny aj na \u0161pinav\u00e9 ruky<br \/>\n&#8211; nehor\u013eav\u00fd<br \/>\n[\/vc_column_text][\/vc_column][\/vc_row]<\/p>\n<\/div>","protected":false},"excerpt":{"rendered":"<p>[vc_row][vc_column width=&#8220;1\/3&#8243;][vc_single_image image=&#8220;524&#8243; img_size=&#8220;full&#8220; onclick=&#8220;link_image&#8220;][\/vc_column][vc_column width=&#8220;2\/3&#8243;][vc_custom_heading text=&#8220;viraprotect plus&#8220; font_container=&#8220;tag:h3|text_align:left|color:%2306acff&#8220; use_theme_fonts=&#8220;yes&#8220;][vc_custom_heading text=&#8220;( dezinfekcia na ruky bez ALKOHOLU s penov\u00fdm d\u00e1vkova\u010dom )&#8220; font_container=&#8220;tag:h4|text_align:left|color:%230aff0a&#8220; use_theme_fonts=&#8220;yes&#8220;][vc_custom_heading text=&#8220;100 ml.&#8220; font_container=&#8220;tag:h4|text_align:left|color:%2306acff&#8220; use_theme_fonts=&#8220;yes&#8220;][vc_column_text]&#8211; bezalkoholov\u00e1 dezinfekcia s medic\u00ednskou akos\u0165ou pod\u013ea Nemeck\u00e9ho Hlavn\u00e9ho in\u0161tit\u00fatu R\u00f3berta Kocha so s\u00eddlom v Berl\u00edne. &#8211; extra jemn\u00fd k poko\u017eke, vhodn\u00fd pre deti a na citliv\u00fa poko\u017eku. &#8211; neobsahuje&hellip;<\/p>\n","protected":false},"author":1,"featured_media":0,"parent":0,"menu_order":0,"comment_status":"closed","ping_status":"closed","template":"","meta":{"footnotes":""},"class_list":["post-508","page","type-page","status-publish","hentry","description-off"],"_links":{"self":[{"href":"https:\/\/www.najlepsiadezinfekcia.sk\/index.php\/wp-json\/wp\/v2\/pages\/508","targetHints":{"allow":["GET"]}}],"collection":[{"href":"https:\/\/www.najlepsiadezinfekcia.sk\/index.php\/wp-json\/wp\/v2\/pages"}],"about":[{"href":"https:\/\/www.najlepsiadezinfekcia.sk\/index.php\/wp-json\/wp\/v2\/types\/page"}],"author":[{"embeddable":true,"href":"https:\/\/www.najlepsiadezinfekcia.sk\/index.php\/wp-json\/wp\/v2\/users\/1"}],"replies":[{"embeddable":true,"href":"https:\/\/www.najlepsiadezinfekcia.sk\/index.php\/wp-json\/wp\/v2\/comments?post=508"}],"version-history":[{"count":12,"href":"https:\/\/www.najlepsiadezinfekcia.sk\/index.php\/wp-json\/wp\/v2\/pages\/508\/revisions"}],"predecessor-version":[{"id":520,"href":"https:\/\/www.najlepsiadezinfekcia.sk\/index.php\/wp-json\/wp\/v2\/pages\/508\/revisions\/520"}],"wp:attachment":[{"href":"https:\/\/www.najlepsiadezinfekcia.sk\/index.php\/wp-json\/wp\/v2\/media?parent=508"}],"curies":[{"name":"wp","href":"https:\/\/api.w.org\/{rel}","templated":true}]}}