{"id":505,"date":"2024-01-26T12:07:08","date_gmt":"2024-01-26T11:07:08","guid":{"rendered":"http:\/\/www.najlepsiadezinfekcia.sk\/?page_id=505"},"modified":"2024-02-12T16:17:39","modified_gmt":"2024-02-12T15:17:39","slug":"stroje-a-prislusenstvo","status":"publish","type":"page","link":"https:\/\/www.najlepsiadezinfekcia.sk\/index.php\/stroje-a-prislusenstvo\/","title":{"rendered":"STROJE A PR\u00cdSLU\u0160ENSTVO"},"content":{"rendered":"<div class=\"wpb-content-wrapper\"><p>[vc_row][vc_column width=&#8220;1\/4&#8243;][vc_single_image image=&#8220;635&#8243; img_size=&#8220;full&#8220; alignment=&#8220;center&#8220;][\/vc_column][vc_column width=&#8220;3\/4&#8243;][vc_custom_heading text=&#8220;WIPES &#8211; Desibox&#8220; font_container=&#8220;tag:h3|text_align:center|color:%2306acff&#8220; use_theme_fonts=&#8220;yes&#8220;][vc_custom_heading text=&#8220;Z\u00e1sobn\u00edk jednorazov\u00fdch utierok na povrchov\u00fa dezinfekciu.&#8220; font_container=&#8220;tag:h4|text_align:center|color:%230aff0a&#8220; use_theme_fonts=&#8220;yes&#8220;][vc_column_text]- Vhodn\u00e9 na okam\u017eit\u00fa dezinfekciu a \u010distenie povrchov.<\/p>\n<p>&#8211; 115 hygienick\u00fdch utierok v balen\u00ed ( spolu na 460 m2 )<\/p>\n<p>&#8211; 1 kus ( utierka ) je ur\u010den\u00e1 na 4 m2 plochy.<\/p>\n<p>&#8211; pred pou\u017eit\u00edm Desiboxu sa do balenia vleje 1 a\u017e 1,5 L dezinfek\u010dn\u00e9ho roztoku <strong>Viraprotect Plus. <\/strong>Po 5 min\u00fatach sa cez otvor na vrchn\u00e1ku prevle\u010die jedna utierka a box je pripraven\u00fd na pou\u017e\u00edvanie.<\/p>\n<p>&#8211; pripraven\u00fd box je potrebn\u00e9 spotrebova\u0165 do 28 dn\u00ed.<\/p>\n<p><strong>Pozor : Desibox je nutn\u00e9 udr\u017eiava\u0165 zatvoren\u00fd. <\/strong>[\/vc_column_text][\/vc_column][\/vc_row][vc_row][vc_column width=&#8220;1\/4&#8243;][vc_custom_heading text=&#8220;VECTOR FOG aplika\u010dn\u00fd stroj na v\u00fdrobu hmly&#8220; font_container=&#8220;tag:h5|text_align:left|color:%230aff0a&#8220; use_theme_fonts=&#8220;yes&#8220;][vc_single_image image=&#8220;568&#8243; img_size=&#8220;full&#8220; alignment=&#8220;center&#8220;][\/vc_column][vc_column width=&#8220;3\/4&#8243;][vc_custom_heading text=&#8220;VECTORFOG c150&#8243; font_container=&#8220;tag:h3|text_align:center|color:%2306acff&#8220; use_theme_fonts=&#8220;yes&#8220;][\/vc_column][\/vc_row][vc_row][vc_column][vc_custom_heading text=&#8220;Ru\u010dn\u00e9 stroje na v\u00fdroby hmly&#8220; font_container=&#8220;tag:h3|text_align:center|color:%2306acff&#8220; use_theme_fonts=&#8220;yes&#8220;][vc_column_text]\n<table id=\"tablepress-1\" class=\"tablepress tablepress-id-1\">\n<thead>\n<tr class=\"row-1\">\n\t<th class=\"column-1\">N\u00e1zov produktu<\/th><th class=\"column-2\">Obsah n\u00e1dr\u017ee<\/th><th class=\"column-3\">V\u00e1ha stroja bez n\u00e1plne<\/th><th class=\"column-4\">Dosah<\/th><th class=\"column-5\">Nap\u00e1janie<\/th><th class=\"column-6\">Volt<\/th><th class=\"column-7\">HZ<\/th><th class=\"column-8\">Watts<\/th><th class=\"column-9\">D\u013a\u017eka el. k\u00e1bla<\/th><th class=\"column-10\">Pracovn\u00fd v\u00fdkon<\/th><th class=\"column-11\">Regul\u00e1cia v\u00fdkonu \/ re\u017eim nastavenia<\/th><th class=\"column-12\">Cena bez DPH.<\/th><th class=\"column-13\">Cena s DPH<\/th><td class=\"column-14\"><\/td>\n<\/tr>\n<\/thead>\n<tbody class=\"row-striping row-hover\">\n<tr class=\"row-2\">\n\t<td class=\"column-1\">Vector Fog c 20 ( ru\u010dn\u00fd stroj )<br \/>\n<\/td><td class=\"column-2\">2 L<\/td><td class=\"column-3\">3,00 kg<\/td><td class=\"column-4\">3 m<\/td><td class=\"column-5\">el.sie\u0165<\/td><td class=\"column-6\">22O\/110V<\/td><td class=\"column-7\">50 - 60<\/td><td class=\"column-8\">560.<\/td><td class=\"column-9\">10 m<\/td><td class=\"column-10\">0,2 L \/ min<\/td><td class=\"column-11\">2\/8.<\/td><td class=\"column-12\">400,- \u20ac<\/td><td class=\"column-13\">480,- \u20ac<\/td><td class=\"column-14\">cca na 500 m3<br \/>\n<\/td>\n<\/tr>\n<tr class=\"row-3\">\n\t<td class=\"column-1\">Vector Fog c 150+ ( ru\u010dn\u00fd stroj )<\/td><td class=\"column-2\">6 L<\/td><td class=\"column-3\">4,50 kg<\/td><td class=\"column-4\">5 m<\/td><td class=\"column-5\">el. sie\u0165<\/td><td class=\"column-6\">220\/110 V<\/td><td class=\"column-7\">50.<\/td><td class=\"column-8\">1250.<\/td><td class=\"column-9\">10 m<\/td><td class=\"column-10\">0,2 L \/ min<\/td><td class=\"column-11\">2\/8.<\/td><td class=\"column-12\">500,- \u20ac<\/td><td class=\"column-13\">600,- \u20ac<\/td><td class=\"column-14\">cca na 1500 m3<br \/>\n<\/td>\n<\/tr>\n<\/tbody>\n<\/table>\n<!-- #tablepress-1 from cache -->[\/vc_column_text][\/vc_column][\/vc_row][vc_row][vc_column width=&#8220;1\/4&#8243;][vc_custom_heading text=&#8220;VECTOR FOG aplika\u010dn\u00fd stroj na v\u00fdrobu hmly&#8220; font_container=&#8220;tag:h5|text_align:left|color:%230aff0a&#8220; use_theme_fonts=&#8220;yes&#8220;][vc_single_image image=&#8220;567&#8243; img_size=&#8220;full&#8220; alignment=&#8220;center&#8220;][\/vc_column][vc_column width=&#8220;3\/4&#8243;][vc_custom_heading text=&#8220;VECTORFOG c20&#8243; font_container=&#8220;tag:h3|text_align:center|color:%2306acff&#8220; use_theme_fonts=&#8220;yes&#8220;][\/vc_column][\/vc_row][vc_row][vc_column][vc_custom_heading text=&#8220;Ru\u010dn\u00e9 stroje na v\u00fdroby hmly&#8220; font_container=&#8220;tag:h3|text_align:center|color:%2306acff&#8220; use_theme_fonts=&#8220;yes&#8220;][vc_column_text]\n<table id=\"tablepress-1-no-2\" class=\"tablepress tablepress-id-1\">\n<thead>\n<tr class=\"row-1\">\n\t<th class=\"column-1\">N\u00e1zov produktu<\/th><th class=\"column-2\">Obsah n\u00e1dr\u017ee<\/th><th class=\"column-3\">V\u00e1ha stroja bez n\u00e1plne<\/th><th class=\"column-4\">Dosah<\/th><th class=\"column-5\">Nap\u00e1janie<\/th><th class=\"column-6\">Volt<\/th><th class=\"column-7\">HZ<\/th><th class=\"column-8\">Watts<\/th><th class=\"column-9\">D\u013a\u017eka el. k\u00e1bla<\/th><th class=\"column-10\">Pracovn\u00fd v\u00fdkon<\/th><th class=\"column-11\">Regul\u00e1cia v\u00fdkonu \/ re\u017eim nastavenia<\/th><th class=\"column-12\">Cena bez DPH.<\/th><th class=\"column-13\">Cena s DPH<\/th><td class=\"column-14\"><\/td>\n<\/tr>\n<\/thead>\n<tbody class=\"row-striping row-hover\">\n<tr class=\"row-2\">\n\t<td class=\"column-1\">Vector Fog c 20 ( ru\u010dn\u00fd stroj )<br \/>\n<\/td><td class=\"column-2\">2 L<\/td><td class=\"column-3\">3,00 kg<\/td><td class=\"column-4\">3 m<\/td><td class=\"column-5\">el.sie\u0165<\/td><td class=\"column-6\">22O\/110V<\/td><td class=\"column-7\">50 - 60<\/td><td class=\"column-8\">560.<\/td><td class=\"column-9\">10 m<\/td><td class=\"column-10\">0,2 L \/ min<\/td><td class=\"column-11\">2\/8.<\/td><td class=\"column-12\">400,- \u20ac<\/td><td class=\"column-13\">480,- \u20ac<\/td><td class=\"column-14\">cca na 500 m3<br \/>\n<\/td>\n<\/tr>\n<tr class=\"row-3\">\n\t<td class=\"column-1\">Vector Fog c 150+ ( ru\u010dn\u00fd stroj )<\/td><td class=\"column-2\">6 L<\/td><td class=\"column-3\">4,50 kg<\/td><td class=\"column-4\">5 m<\/td><td class=\"column-5\">el. sie\u0165<\/td><td class=\"column-6\">220\/110 V<\/td><td class=\"column-7\">50.<\/td><td class=\"column-8\">1250.<\/td><td class=\"column-9\">10 m<\/td><td class=\"column-10\">0,2 L \/ min<\/td><td class=\"column-11\">2\/8.<\/td><td class=\"column-12\">500,- \u20ac<\/td><td class=\"column-13\">600,- \u20ac<\/td><td class=\"column-14\">cca na 1500 m3<br \/>\n<\/td>\n<\/tr>\n<\/tbody>\n<\/table>\n<!-- #tablepress-1-no-2 from cache -->[\/vc_column_text][\/vc_column][\/vc_row][vc_row][vc_column width=&#8220;1\/4&#8243;][vc_single_image image=&#8220;578&#8243; img_size=&#8220;full&#8220; alignment=&#8220;center&#8220;][\/vc_column][vc_column width=&#8220;3\/4&#8243;][vc_custom_heading text=&#8220;Celotv\u00e1rov\u00e1 ochrann\u00e1 maska&#8220; font_container=&#8220;tag:h3|text_align:center|color:%2306acff&#8220; use_theme_fonts=&#8220;yes&#8220;][\/vc_column][\/vc_row][vc_row][vc_column width=&#8220;1\/4&#8243;][vc_single_image image=&#8220;624&#8243; img_size=&#8220;full&#8220; alignment=&#8220;center&#8220;][\/vc_column][vc_column width=&#8220;3\/4&#8243;][vc_custom_heading text=&#8220;Ochrann\u00e1 maska na prekrytie d\u00fdchac\u00edch ciest&#8220; font_container=&#8220;tag:h3|text_align:center|color:%2306acff&#8220; use_theme_fonts=&#8220;yes&#8220;][vc_custom_heading text=&#8220;( balenie neobsahuje filter )&#8220; font_container=&#8220;tag:h4|text_align:center|color:%230aff0a&#8220; use_theme_fonts=&#8220;yes&#8220;][\/vc_column][\/vc_row][vc_row][vc_column width=&#8220;1\/4&#8243;][vc_single_image image=&#8220;627&#8243; img_size=&#8220;full&#8220; alignment=&#8220;center&#8220;][\/vc_column][vc_column width=&#8220;3\/4&#8243;][vc_custom_heading text=&#8220;Aplika\u010dn\u00e1 hlavica na v\u00fdrobu hmly s 5 L z\u00e1sobn\u00edkom&#8220; font_container=&#8220;tag:h3|text_align:center|color:%2306acff&#8220; use_theme_fonts=&#8220;yes&#8220;][\/vc_column][\/vc_row][vc_row][vc_column width=&#8220;1\/4&#8243;][vc_single_image image=&#8220;626&#8243; img_size=&#8220;full&#8220; alignment=&#8220;center&#8220;][\/vc_column][vc_column width=&#8220;3\/4&#8243;][vc_custom_heading text=&#8220;Aplika\u010dn\u00e1 hlavica na v\u00fdrobu hmly s 10 L z\u00e1sobn\u00edkom&#8220; font_container=&#8220;tag:h3|text_align:center|color:%2306acff&#8220; use_theme_fonts=&#8220;yes&#8220;][\/vc_column][\/vc_row][vc_row][vc_column width=&#8220;1\/4&#8243;][vc_single_image image=&#8220;629&#8243; img_size=&#8220;full&#8220; alignment=&#8220;center&#8220;][\/vc_column][vc_column width=&#8220;3\/4&#8243;][vc_custom_heading text=&#8220;Aplika\u010dn\u00e1 hlavica na v\u00fdrobu hmly s 1 L z\u00e1sobn\u00edkom&#8220; font_container=&#8220;tag:h3|text_align:center|color:%2306acff&#8220; use_theme_fonts=&#8220;yes&#8220;][vc_custom_heading text=&#8220;( do 400 m<sup>3<\/sup> priestoru )&#8220; font_container=&#8220;tag:h4|text_align:center|color:%230aff0a&#8220; use_theme_fonts=&#8220;yes&#8220;][\/vc_column][\/vc_row][vc_row][vc_column width=&#8220;1\/4&#8243;][vc_single_image image=&#8220;631&#8243; img_size=&#8220;full&#8220; alignment=&#8220;center&#8220;][\/vc_column][vc_column width=&#8220;3\/4&#8243;][vc_custom_heading text=&#8220;Aplika\u010dn\u00e1 hlavica na v\u00fdrobu hmly s 0,5 L z\u00e1sobn\u00edkom&#8220; font_container=&#8220;tag:h3|text_align:center|color:%2306acff&#8220; use_theme_fonts=&#8220;yes&#8220;][vc_custom_heading text=&#8220;( do 200 m<sup>3<\/sup> priestoru )&#8220; font_container=&#8220;tag:h4|text_align:center|color:%230aff0a&#8220; use_theme_fonts=&#8220;yes&#8220;][\/vc_column][\/vc_row][vc_row][vc_column width=&#8220;1\/4&#8243;][vc_single_image image=&#8220;632&#8243; img_size=&#8220;full&#8220; alignment=&#8220;center&#8220;][\/vc_column][vc_column width=&#8220;3\/4&#8243;][vc_custom_heading text=&#8220;Profesion\u00e1lny stojanov\u00fd aplika\u010dn\u00fd set na v\u00fdrobu hmly&#8220; font_container=&#8220;tag:h3|text_align:center|color:%2306acff&#8220; use_theme_fonts=&#8220;yes&#8220;][vc_column_text]<\/p>\n<p>I am text block. Click edit button to change this text. Lorem ipsum dolor sit amet, consectetur adipiscing elit. Ut elit tellus, luctus nec ullamcorper mattis, pulvinar dapibus leo.<\/p>\n<p>[\/vc_column_text][\/vc_column][\/vc_row][vc_row][vc_column width=&#8220;1\/4&#8243;][vc_single_image image=&#8220;633&#8243; img_size=&#8220;full&#8220; alignment=&#8220;center&#8220;][\/vc_column][vc_column width=&#8220;3\/4&#8243;][vc_custom_heading text=&#8220;Kombinovan\u00fd filter 1140 A2 B2 P3 R D&#8220; font_container=&#8220;tag:h3|text_align:center|color:%2306acff&#8220; use_theme_fonts=&#8220;yes&#8220;][\/vc_column][\/vc_row]<\/p>\n<\/div>","protected":false},"excerpt":{"rendered":"<p>[vc_row][vc_column width=&#8220;1\/4&#8243;][vc_single_image image=&#8220;635&#8243; img_size=&#8220;full&#8220; alignment=&#8220;center&#8220;][\/vc_column][vc_column width=&#8220;3\/4&#8243;][vc_custom_heading text=&#8220;WIPES &#8211; Desibox&#8220; font_container=&#8220;tag:h3|text_align:center|color:%2306acff&#8220; use_theme_fonts=&#8220;yes&#8220;][vc_custom_heading text=&#8220;Z\u00e1sobn\u00edk jednorazov\u00fdch utierok na povrchov\u00fa dezinfekciu.&#8220; font_container=&#8220;tag:h4|text_align:center|color:%230aff0a&#8220; use_theme_fonts=&#8220;yes&#8220;][vc_column_text]- Vhodn\u00e9 na okam\u017eit\u00fa dezinfekciu a \u010distenie povrchov. &#8211; 115 hygienick\u00fdch utierok v balen\u00ed ( spolu na 460 m2 ) &#8211; 1 kus ( utierka ) je ur\u010den\u00e1 na 4 m2 plochy. &#8211; pred pou\u017eit\u00edm Desiboxu sa&hellip;<\/p>\n","protected":false},"author":1,"featured_media":0,"parent":0,"menu_order":0,"comment_status":"closed","ping_status":"closed","template":"","meta":{"footnotes":""},"class_list":["post-505","page","type-page","status-publish","hentry","description-off"],"_links":{"self":[{"href":"https:\/\/www.najlepsiadezinfekcia.sk\/index.php\/wp-json\/wp\/v2\/pages\/505","targetHints":{"allow":["GET"]}}],"collection":[{"href":"https:\/\/www.najlepsiadezinfekcia.sk\/index.php\/wp-json\/wp\/v2\/pages"}],"about":[{"href":"https:\/\/www.najlepsiadezinfekcia.sk\/index.php\/wp-json\/wp\/v2\/types\/page"}],"author":[{"embeddable":true,"href":"https:\/\/www.najlepsiadezinfekcia.sk\/index.php\/wp-json\/wp\/v2\/users\/1"}],"replies":[{"embeddable":true,"href":"https:\/\/www.najlepsiadezinfekcia.sk\/index.php\/wp-json\/wp\/v2\/comments?post=505"}],"version-history":[{"count":17,"href":"https:\/\/www.najlepsiadezinfekcia.sk\/index.php\/wp-json\/wp\/v2\/pages\/505\/revisions"}],"predecessor-version":[{"id":637,"href":"https:\/\/www.najlepsiadezinfekcia.sk\/index.php\/wp-json\/wp\/v2\/pages\/505\/revisions\/637"}],"wp:attachment":[{"href":"https:\/\/www.najlepsiadezinfekcia.sk\/index.php\/wp-json\/wp\/v2\/media?parent=505"}],"curies":[{"name":"wp","href":"https:\/\/api.w.org\/{rel}","templated":true}]}}