{"id":502,"date":"2024-01-26T12:03:31","date_gmt":"2024-01-26T11:03:31","guid":{"rendered":"http:\/\/www.najlepsiadezinfekcia.sk\/?page_id=502"},"modified":"2024-02-12T16:19:27","modified_gmt":"2024-02-12T15:19:27","slug":"dezinfekcia-na-povrch","status":"publish","type":"page","link":"https:\/\/www.najlepsiadezinfekcia.sk\/index.php\/dezinfekcia-na-povrch\/","title":{"rendered":"DEZINFEKCIA NA POVRCH"},"content":{"rendered":"<div class=\"wpb-content-wrapper\"><p>[vc_row][vc_column width=&#8220;1\/2&#8243;][vc_row_inner][vc_column_inner width=&#8220;1\/2&#8243;][vc_single_image image=&#8220;635&#8243; img_size=&#8220;full&#8220;][\/vc_column_inner][vc_column_inner width=&#8220;1\/2&#8243;][vc_single_image image=&#8220;547&#8243; img_size=&#8220;full&#8220;][\/vc_column_inner][\/vc_row_inner][\/vc_column][vc_column width=&#8220;1\/2&#8243;][vc_custom_heading text=&#8220;Viraprotect Plus&#8220; font_container=&#8220;tag:h3|text_align:left|color:%2306acff&#8220; use_theme_fonts=&#8220;yes&#8220;][vc_custom_heading text=&#8220;Bezalkoholov\u00fd a bezaldehydov\u00fd vysoko\u00fa\u010dinn\u00fd dezinfek\u010dn\u00fd prostriedok so \u0161irok\u00fdm spektrom \u00fa\u010dinnosti proti v\u00edrusom vr\u00e1tane Sars-CoV-2.&#8220; font_container=&#8220;tag:h3|text_align:left|color:%230aff0a&#8220; use_theme_fonts=&#8220;yes&#8220;][vc_custom_heading text=&#8220;( pr\u00edpravok sa neriedi )&#8220; font_container=&#8220;tag:h3|text_align:left|color:%2306acff&#8220; use_theme_fonts=&#8220;yes&#8220;][vc_column_text]Pr\u00edpravok je ur\u010den\u00fd na plo\u0161n\u00fa dezinfekciu ( profylaxiu ) povrchov v nemocniciach a ambulanci\u00e1ch <strong>\u00a0(\u00a0 bakteric\u00eddia a levuroc\u00eddia\u00a0 ) .<\/strong> <strong> \u010cist\u00ed a dezinfikuje aj v pr\u00edtomnosti ne\u010dist\u00f4t, krvi a prote\u00ednov.<\/strong><\/p>\n<p>Bez obsahu kysel\u00edn, chl\u00f3rov\u00e9ho bielidla, bez aldehydov<\/p>\n<p>Neuvo\u013e\u0148uje v\u00fdpary, aeros\u00f3ly alebo z\u00e1pachy<\/p>\n<p>Pr\u00edpravok je mo\u017en\u00e9 pou\u017ei\u0165 samostatne priamo na plochu, alebo ako n\u00e1pl\u0148 do WIPES &#8211; DESI &#8211; Boxu ( z\u00e1sobn\u00edk utierok ) .<\/p>\n<p><strong>Dermatologicky testovan\u00e9 ako nez\u00e1vadn\u00e9.<\/strong><\/p>\n<p><strong>\u00da\u010dinn\u00e9 l\u00e1tky pod\u013ea druhu a mno\u017estva na 100 ml :<\/strong><\/p>\n<p>Didecyldimethylammonium Chlorid &lt; 0,4 %<\/p>\n<p>Alkyl &#8211; ( 12-16 ) dimethylbenzlyammonium Chlorid &lt; 0,4 %<\/p>\n<p><strong>Ozna\u010denie pod\u013ea nariadenia ( EU ) 1272\/2008 <\/strong>[\/vc_column_text][\/vc_column][\/vc_row]<\/p>\n<\/div>","protected":false},"excerpt":{"rendered":"<p>[vc_row][vc_column width=&#8220;1\/2&#8243;][vc_row_inner][vc_column_inner width=&#8220;1\/2&#8243;][vc_single_image image=&#8220;635&#8243; img_size=&#8220;full&#8220;][\/vc_column_inner][vc_column_inner width=&#8220;1\/2&#8243;][vc_single_image image=&#8220;547&#8243; img_size=&#8220;full&#8220;][\/vc_column_inner][\/vc_row_inner][\/vc_column][vc_column width=&#8220;1\/2&#8243;][vc_custom_heading text=&#8220;Viraprotect Plus&#8220; font_container=&#8220;tag:h3|text_align:left|color:%2306acff&#8220; use_theme_fonts=&#8220;yes&#8220;][vc_custom_heading text=&#8220;Bezalkoholov\u00fd a bezaldehydov\u00fd vysoko\u00fa\u010dinn\u00fd dezinfek\u010dn\u00fd prostriedok so \u0161irok\u00fdm spektrom \u00fa\u010dinnosti proti v\u00edrusom vr\u00e1tane Sars-CoV-2.&#8220; font_container=&#8220;tag:h3|text_align:left|color:%230aff0a&#8220; use_theme_fonts=&#8220;yes&#8220;][vc_custom_heading text=&#8220;( pr\u00edpravok sa neriedi )&#8220; font_container=&#8220;tag:h3|text_align:left|color:%2306acff&#8220; use_theme_fonts=&#8220;yes&#8220;][vc_column_text]Pr\u00edpravok je ur\u010den\u00fd na plo\u0161n\u00fa dezinfekciu ( profylaxiu ) povrchov v nemocniciach a ambulanci\u00e1ch \u00a0(\u00a0 bakteric\u00eddia a levuroc\u00eddia\u00a0 ) .&hellip;<\/p>\n","protected":false},"author":1,"featured_media":0,"parent":0,"menu_order":0,"comment_status":"closed","ping_status":"closed","template":"","meta":{"footnotes":""},"class_list":["post-502","page","type-page","status-publish","hentry","description-off"],"_links":{"self":[{"href":"https:\/\/www.najlepsiadezinfekcia.sk\/index.php\/wp-json\/wp\/v2\/pages\/502","targetHints":{"allow":["GET"]}}],"collection":[{"href":"https:\/\/www.najlepsiadezinfekcia.sk\/index.php\/wp-json\/wp\/v2\/pages"}],"about":[{"href":"https:\/\/www.najlepsiadezinfekcia.sk\/index.php\/wp-json\/wp\/v2\/types\/page"}],"author":[{"embeddable":true,"href":"https:\/\/www.najlepsiadezinfekcia.sk\/index.php\/wp-json\/wp\/v2\/users\/1"}],"replies":[{"embeddable":true,"href":"https:\/\/www.najlepsiadezinfekcia.sk\/index.php\/wp-json\/wp\/v2\/comments?post=502"}],"version-history":[{"count":6,"href":"https:\/\/www.najlepsiadezinfekcia.sk\/index.php\/wp-json\/wp\/v2\/pages\/502\/revisions"}],"predecessor-version":[{"id":638,"href":"https:\/\/www.najlepsiadezinfekcia.sk\/index.php\/wp-json\/wp\/v2\/pages\/502\/revisions\/638"}],"wp:attachment":[{"href":"https:\/\/www.najlepsiadezinfekcia.sk\/index.php\/wp-json\/wp\/v2\/media?parent=502"}],"curies":[{"name":"wp","href":"https:\/\/api.w.org\/{rel}","templated":true}]}}