{"id":11,"date":"2018-12-21T17:55:54","date_gmt":"2018-12-21T17:55:54","guid":{"rendered":"https:\/\/the7.io\/g-creative\/?page_id=11"},"modified":"2024-02-07T17:49:23","modified_gmt":"2024-02-07T16:49:23","slug":"ochranny-krem","status":"publish","type":"page","link":"https:\/\/www.najlepsiadezinfekcia.sk\/index.php\/ochranny-krem\/","title":{"rendered":"OCHRANN\u00dd KR\u00c9M"},"content":{"rendered":"<div class=\"wpb-content-wrapper\"><p>[vc_row][vc_column width=&#8220;1\/3&#8243;][vc_single_image image=&#8220;515&#8243; img_size=&#8220;full&#8220; onclick=&#8220;link_image&#8220;][\/vc_column][vc_column width=&#8220;2\/3&#8243;][vc_custom_heading text=&#8220;dpi prima derm&#8220; font_container=&#8220;tag:h3|text_align:left|color:%2306acff&#8220; use_theme_fonts=&#8220;yes&#8220;][vc_custom_heading text=&#8220;Ochrann\u00fd kr\u00e9m na ruky &#8211; \u0161peci\u00e1l&#8220; font_container=&#8220;tag:h3|text_align:left|color:%230aff0a&#8220; use_theme_fonts=&#8220;yes&#8220;][vc_custom_heading text=&#8220;( bez parf\u00famov, bez silik\u00f3nu &#8211; vodeodoln\u00fd )&#8220; font_container=&#8220;tag:h4|text_align:left|color:%2306acff&#8220; use_theme_fonts=&#8220;yes&#8220;][vc_column_text]- chr\u00e1ni poko\u017eku 4 hodiny <strong>\u00a0( kr\u00e9m vytvor\u00ed na poko\u017eke ochrann\u00fa nepriepustn\u00fa vrstvu ) <\/strong><\/p>\n<p>&#8211; vyvinut\u00fd \u0161peci\u00e1lne pre pou\u017eitie v medic\u00ednskom prostred\u00ed<\/p>\n<p>&#8211; priepustn\u00fd von z poko\u017eky a nepriepustn\u00fd smerom dnu.<\/p>\n<p>&#8211; odoln\u00fd vode, sapon\u00e1tom, chemick\u00fdm l\u00e1tkam, dezinfekci\u00e1m s alkoholom, olejom, kyseline, BAKT\u00c9RI\u00c1M, PLESNI,<\/p>\n<p>&#8211; vhodn\u00fd pre v\u0161etky typy poko\u017eky<\/p>\n<p>&#8211; zabra\u0148uje tvorbe ples\u0148ov\u00fdch infekci\u00ed<\/p>\n<p>&#8211; alergi\u00e1m<\/p>\n<p>&#8211; z\u00e1palom<\/p>\n<p>&#8211; vysu\u0161ovaniu poko\u017eky<\/p>\n<p>&#8211; hrubnutiu a tvrdnutiu ko\u017ee<\/p>\n<p>&#8211; oderu ko\u017ee<\/p>\n<p>&#8211; praskaniu ko\u017ee<\/p>\n<p>&#8211; ur\u00fdch\u013euje regener\u00e1ciu a hojenie ko\u017ee ( ur\u00fdchli nieko\u013eko n\u00e1sobne hojenie ko\u017ee )<\/p>\n<p>&#8211; zabra\u0148uje ne\u010distot\u00e1m vnikn\u00fa\u0165 do poko\u017eky a ur\u00fdch\u013euje ich odstr\u00e1nenie s povrchu ko\u017ee<\/p>\n<p><strong>Kr\u00e9m je vhodn\u00fd ako ochrana aj pre dlhodobo pretrv\u00e1vaj\u00face ochorenia ko\u017ee a alergie, posil\u0148uje odolnos\u0165 ko\u017ee vo\u010di vonkaj\u0161\u00edm vplyvom. <\/strong><\/p>\n<p><strong>\u00a0<\/strong><\/p>\n<p><strong>Balenie :<\/strong><\/p>\n<p><strong>dpi prima derm 100 ml\u00a0\u00a0 ( 100 aplik\u00e1ci\u00ed )<\/strong><\/p>\n<p><strong>dpi prima derm 200 ml\u00a0\u00a0 ( 200 aplik\u00e1ci\u00ed )<\/strong><\/p>\n<p><strong>dpi prima derm 500 ml\u00a0\u00a0 ( 500 aplik\u00e1ci\u00ed )\u00a0 <\/strong>[\/vc_column_text][\/vc_column][\/vc_row][vc_row][vc_column width=&#8220;1\/3&#8243;][vc_single_image image=&#8220;529&#8243; img_size=&#8220;full&#8220; onclick=&#8220;link_image&#8220;][\/vc_column][vc_column width=&#8220;2\/3&#8243;][vc_custom_heading text=&#8220;dpi derma F.I.T.&#8220; font_container=&#8220;tag:h3|text_align:left|color:%2306acff&#8220; use_theme_fonts=&#8220;yes&#8220;][vc_custom_heading text=&#8220;Ochrann\u00fd kr\u00e9m na nohy 100 ml.&#8220; font_container=&#8220;tag:h3|text_align:left|color:%230aff0a&#8220; use_theme_fonts=&#8220;yes&#8220;][vc_custom_heading text=&#8220;( chr\u00e1ni poko\u017eku 4 hodiny a podporuje jej regener\u00e1ciu )&#8220; font_container=&#8220;tag:h3|text_align:left|color:%2306acff&#8220; use_theme_fonts=&#8220;yes&#8220;][vc_column_text]<strong>&#8211; odoln\u00fd vo\u010di vode, chemick\u00fdm l\u00e1tkam, odv\u00e1dza pot a chr\u00e1ni poko\u017eku pred <\/strong><\/p>\n<p><strong>&#8211; <\/strong>tvorbou ples\u0148ov\u00fdch infekcii<\/p>\n<p>&#8211; kalusu<\/p>\n<p>&#8211; hrubnutiu ko\u017ee a vysu\u0161ovaniu<\/p>\n<p>&#8211; oderu poko\u017eky<\/p>\n<p>&#8211; otlakov a praskl\u00edn ko\u017ee<\/p>\n<p>&#8211; eliminuje z\u00e1pach n\u00f4h<\/p>\n<p><strong>Kr\u00e9m je vhodn\u00fd pre v\u0161etky aktivity, nie len \u0161portov\u00e9, kde m\u00f4\u017ee doch\u00e1dza\u0165 k po\u0161kodeniu poko\u017eky na noh\u00e1ch. Kr\u00e9m sl\u00fa\u017ei aj ako prevencia a ur\u00fdch\u013euje hojenie ko\u017ee. <\/strong><\/p>\n<p><strong>\u00a0<\/strong><\/p>\n<p><strong>Obsah balenie je na 100 aplik\u00e1ci\u00ed. <\/strong>[\/vc_column_text][\/vc_column][\/vc_row]<\/p>\n<\/div>","protected":false},"excerpt":{"rendered":"<p>[vc_row][vc_column width=&#8220;1\/3&#8243;][vc_single_image image=&#8220;515&#8243; img_size=&#8220;full&#8220; onclick=&#8220;link_image&#8220;][\/vc_column][vc_column width=&#8220;2\/3&#8243;][vc_custom_heading text=&#8220;dpi prima derm&#8220; font_container=&#8220;tag:h3|text_align:left|color:%2306acff&#8220; use_theme_fonts=&#8220;yes&#8220;][vc_custom_heading text=&#8220;Ochrann\u00fd kr\u00e9m na ruky &#8211; \u0161peci\u00e1l&#8220; font_container=&#8220;tag:h3|text_align:left|color:%230aff0a&#8220; use_theme_fonts=&#8220;yes&#8220;][vc_custom_heading text=&#8220;( bez parf\u00famov, bez silik\u00f3nu &#8211; vodeodoln\u00fd )&#8220; font_container=&#8220;tag:h4|text_align:left|color:%2306acff&#8220; use_theme_fonts=&#8220;yes&#8220;][vc_column_text]- chr\u00e1ni poko\u017eku 4 hodiny \u00a0( kr\u00e9m vytvor\u00ed na poko\u017eke ochrann\u00fa nepriepustn\u00fa vrstvu ) &#8211; vyvinut\u00fd \u0161peci\u00e1lne pre pou\u017eitie v medic\u00ednskom prostred\u00ed &#8211; priepustn\u00fd von z poko\u017eky&hellip;<\/p>\n","protected":false},"author":1,"featured_media":0,"parent":0,"menu_order":40,"comment_status":"closed","ping_status":"closed","template":"","meta":{"footnotes":""},"class_list":["post-11","page","type-page","status-publish","hentry","description-off"],"_links":{"self":[{"href":"https:\/\/www.najlepsiadezinfekcia.sk\/index.php\/wp-json\/wp\/v2\/pages\/11","targetHints":{"allow":["GET"]}}],"collection":[{"href":"https:\/\/www.najlepsiadezinfekcia.sk\/index.php\/wp-json\/wp\/v2\/pages"}],"about":[{"href":"https:\/\/www.najlepsiadezinfekcia.sk\/index.php\/wp-json\/wp\/v2\/types\/page"}],"author":[{"embeddable":true,"href":"https:\/\/www.najlepsiadezinfekcia.sk\/index.php\/wp-json\/wp\/v2\/users\/1"}],"replies":[{"embeddable":true,"href":"https:\/\/www.najlepsiadezinfekcia.sk\/index.php\/wp-json\/wp\/v2\/comments?post=11"}],"version-history":[{"count":16,"href":"https:\/\/www.najlepsiadezinfekcia.sk\/index.php\/wp-json\/wp\/v2\/pages\/11\/revisions"}],"predecessor-version":[{"id":612,"href":"https:\/\/www.najlepsiadezinfekcia.sk\/index.php\/wp-json\/wp\/v2\/pages\/11\/revisions\/612"}],"wp:attachment":[{"href":"https:\/\/www.najlepsiadezinfekcia.sk\/index.php\/wp-json\/wp\/v2\/media?parent=11"}],"curies":[{"name":"wp","href":"https:\/\/api.w.org\/{rel}","templated":true}]}}